{"id":19,"date":"2022-08-27T09:16:01","date_gmt":"2022-08-27T09:16:01","guid":{"rendered":"https:\/\/www.wpsolution.io\/en\/?page_id=19"},"modified":"2023-06-26T07:38:16","modified_gmt":"2023-06-26T07:38:16","slug":"securitewp","status":"publish","type":"page","link":"https:\/\/www.wpsolution.io\/en\/securitewp\/","title":{"rendered":"Securit\u00e9WP"},"content":{"rendered":"\t\t<div data-elementor-type=\"wp-page\" data-elementor-id=\"19\" class=\"elementor elementor-19\" data-elementor-post-type=\"page\">\n\t\t\t\t\t\t<section class=\"elementor-section elementor-top-section elementor-element elementor-element-42443c8 elementor-section-boxed elementor-section-height-default elementor-section-height-default\" data-id=\"42443c8\" data-element_type=\"section\" data-e-type=\"section\">\n\t\t\t\t\t\t<div class=\"elementor-container elementor-column-gap-default\">\n\t\t\t\t\t<div class=\"elementor-column elementor-col-100 elementor-top-column elementor-element elementor-element-d0da78a\" data-id=\"d0da78a\" data-element_type=\"column\" data-e-type=\"column\">\n\t\t\t<div class=\"elementor-widget-wrap elementor-element-populated\">\n\t\t\t\t\t\t<div class=\"elementor-element elementor-element-3a816b8 elementor-widget elementor-widget-image\" data-id=\"3a816b8\" data-element_type=\"widget\" data-e-type=\"widget\" data-widget_type=\"image.default\">\n\t\t\t\t<div class=\"elementor-widget-container\">\n\t\t\t\t\t\t\t\t\t\t\t\t\t\t\t\t<a href=\"https:\/\/www.wordpresspirate.com\/\">\n\t\t\t\t\t\t\t<img fetchpriority=\"high\" decoding=\"async\" width=\"800\" height=\"700\" src=\"https:\/\/www.wpsolution.io\/en\/wp-content\/uploads\/2023\/06\/Screenshot-2023-06-26-at-10.34.53-1024x896.png\" class=\"attachment-large size-large wp-image-1138\" alt=\"\" srcset=\"https:\/\/www.wpsolution.io\/en\/wp-content\/uploads\/2023\/06\/Screenshot-2023-06-26-at-10.34.53-1024x896.png 1024w, https:\/\/www.wpsolution.io\/en\/wp-content\/uploads\/2023\/06\/Screenshot-2023-06-26-at-10.34.53-300x263.png 300w, https:\/\/www.wpsolution.io\/en\/wp-content\/uploads\/2023\/06\/Screenshot-2023-06-26-at-10.34.53-768x672.png 768w, https:\/\/www.wpsolution.io\/en\/wp-content\/uploads\/2023\/06\/Screenshot-2023-06-26-at-10.34.53-1536x1344.png 1536w, https:\/\/www.wpsolution.io\/en\/wp-content\/uploads\/2023\/06\/Screenshot-2023-06-26-at-10.34.53.png 1874w\" sizes=\"(max-width: 800px) 100vw, 800px\" \/>\t\t\t\t\t\t\t\t<\/a>\n\t\t\t\t\t\t\t\t\t\t\t\t\t\t\t<\/div>\n\t\t\t\t<\/div>\n\t\t\t\t\t<\/div>\n\t\t<\/div>\n\t\t\t\t\t<\/div>\n\t\t<\/section>\n\t\t\t\t<section class=\"elementor-section elementor-top-section elementor-element elementor-element-244cd76 elementor-section-boxed elementor-section-height-default elementor-section-height-default\" data-id=\"244cd76\" data-element_type=\"section\" data-e-type=\"section\">\n\t\t\t\t\t\t<div class=\"elementor-container elementor-column-gap-default\">\n\t\t\t\t\t<div class=\"elementor-column elementor-col-100 elementor-top-column elementor-element elementor-element-7d63fc3\" data-id=\"7d63fc3\" data-element_type=\"column\" data-e-type=\"column\">\n\t\t\t<div class=\"elementor-widget-wrap elementor-element-populated\">\n\t\t\t\t\t\t<div class=\"elementor-element elementor-element-df489c9 elementor-align-center elementor-widget elementor-widget-button\" data-id=\"df489c9\" data-element_type=\"widget\" data-e-type=\"widget\" data-widget_type=\"button.default\">\n\t\t\t\t<div class=\"elementor-widget-container\">\n\t\t\t\t\t\t\t\t\t<div class=\"elementor-button-wrapper\">\n\t\t\t\t\t<a class=\"elementor-button elementor-button-link elementor-size-sm\" href=\"https:\/\/www.securitewp.com\/\">\n\t\t\t\t\t\t<span class=\"elementor-button-content-wrapper\">\n\t\t\t\t\t\t\t\t\t<span class=\"elementor-button-text\">VOIR LE SITE<\/span>\n\t\t\t\t\t<\/span>\n\t\t\t\t\t<\/a>\n\t\t\t\t<\/div>\n\t\t\t\t\t\t\t\t<\/div>\n\t\t\t\t<\/div>\n\t\t\t\t<div class=\"elementor-element elementor-element-a083fe9 elementor-widget elementor-widget-text-editor\" data-id=\"a083fe9\" data-element_type=\"widget\" data-e-type=\"widget\" data-widget_type=\"text-editor.default\">\n\t\t\t\t<div class=\"elementor-widget-container\">\n\t\t\t\t\t\t\t\t\t<p>Sp\u00e9cialis\u00e9 dans la protection et la r\u00e9paration de site Securit\u00e9WP (hack redirection, Spam SEO, Index modifi\u00e9&#8230;.).<\/p><p>Intervention imm\u00e9diate\u00a0en cas d\u2019attaque de votre site<\/p><ul><li style=\"list-style-type: none;\"><ul><li>S\u00e9curisation de votre<\/li><li>Intervention imm\u00e9diate en cas d\u2019attaque de votre site<\/li><li>Mises \u00e0 jour r\u00e9guli\u00e8res de vos plugins &amp; themes &amp; cores<\/li><li>Sauvegardes de votre site dans le Cloud\u00a0<\/li><\/ul><\/li><\/ul><p>Monitoring 24\/7 pour d\u00e9tecter de nouvelles attaques<\/p>\t\t\t\t\t\t\t\t<\/div>\n\t\t\t\t<\/div>\n\t\t\t\t\t<\/div>\n\t\t<\/div>\n\t\t\t\t\t<\/div>\n\t\t<\/section>\n\t\t\t\t<\/div>\n\t\t","protected":false},"excerpt":{"rendered":"<p>VOIR LE SITE Sp\u00e9cialis\u00e9 dans la protection et la r\u00e9paration de site Securit\u00e9WP (hack redirection, Spam SEO, Index modifi\u00e9&#8230;.). Intervention imm\u00e9diate\u00a0en cas d\u2019attaque de votre site S\u00e9curisation de votre Intervention imm\u00e9diate en cas d\u2019attaque de votre site Mises \u00e0 jour r\u00e9guli\u00e8res de vos plugins &amp; themes &amp; cores Sauvegardes de votre site dans le Cloud\u00a0 [&hellip;]<\/p>\n","protected":false},"author":1,"featured_media":0,"parent":0,"menu_order":0,"comment_status":"closed","ping_status":"closed","template":"","meta":{"content-type":"","footnotes":""},"class_list":["post-19","page","type-page","status-publish","hentry"],"yoast_head":"<!-- This site is optimized with the Yoast SEO plugin v27.4 - https:\/\/yoast.com\/product\/yoast-seo-wordpress\/ -->\n<title>Securit\u00e9WP - WP SOLUTION<\/title>\n<meta name=\"robots\" content=\"index, follow, max-snippet:-1, max-image-preview:large, max-video-preview:-1\" \/>\n<link rel=\"canonical\" href=\"https:\/\/www.wpsolution.io\/en\/securitewp\/\" \/>\n<meta property=\"og:locale\" content=\"en_US\" \/>\n<meta property=\"og:type\" content=\"article\" \/>\n<meta property=\"og:title\" content=\"Securit\u00e9WP - WP SOLUTION\" \/>\n<meta property=\"og:description\" content=\"VOIR LE SITE Sp\u00e9cialis\u00e9 dans la protection et la r\u00e9paration de site Securit\u00e9WP (hack redirection, Spam SEO, Index modifi\u00e9&#8230;.). Intervention imm\u00e9diate\u00a0en cas d\u2019attaque de votre site S\u00e9curisation de votre Intervention imm\u00e9diate en cas d\u2019attaque de votre site Mises \u00e0 jour r\u00e9guli\u00e8res de vos plugins &amp; themes &amp; cores Sauvegardes de votre site dans le Cloud\u00a0 [&hellip;]\" \/>\n<meta property=\"og:url\" content=\"https:\/\/www.wpsolution.io\/en\/securitewp\/\" \/>\n<meta property=\"og:site_name\" content=\"WP SOLUTION\" \/>\n<meta property=\"article:modified_time\" content=\"2023-06-26T07:38:16+00:00\" \/>\n<meta property=\"og:image\" content=\"https:\/\/www.wpsolution.io\/en\/wp-content\/uploads\/2023\/06\/Screenshot-2023-06-26-at-10.34.53-1024x896.png\" \/>\n<meta name=\"twitter:card\" content=\"summary_large_image\" \/>\n<meta name=\"twitter:label1\" content=\"Est. reading time\" \/>\n\t<meta name=\"twitter:data1\" content=\"1 minute\" \/>\n<script type=\"application\/ld+json\" class=\"yoast-schema-graph\">{\"@context\":\"https:\\\/\\\/schema.org\",\"@graph\":[{\"@type\":\"WebPage\",\"@id\":\"https:\\\/\\\/www.wpsolution.io\\\/en\\\/securitewp\\\/\",\"url\":\"https:\\\/\\\/www.wpsolution.io\\\/en\\\/securitewp\\\/\",\"name\":\"Securit\u00e9WP - WP SOLUTION\",\"isPartOf\":{\"@id\":\"https:\\\/\\\/www.wpsolution.io\\\/en\\\/#website\"},\"primaryImageOfPage\":{\"@id\":\"https:\\\/\\\/www.wpsolution.io\\\/en\\\/securitewp\\\/#primaryimage\"},\"image\":{\"@id\":\"https:\\\/\\\/www.wpsolution.io\\\/en\\\/securitewp\\\/#primaryimage\"},\"thumbnailUrl\":\"https:\\\/\\\/www.wpsolution.io\\\/en\\\/wp-content\\\/uploads\\\/2023\\\/06\\\/Screenshot-2023-06-26-at-10.34.53-1024x896.png\",\"datePublished\":\"2022-08-27T09:16:01+00:00\",\"dateModified\":\"2023-06-26T07:38:16+00:00\",\"breadcrumb\":{\"@id\":\"https:\\\/\\\/www.wpsolution.io\\\/en\\\/securitewp\\\/#breadcrumb\"},\"inLanguage\":\"en-US\",\"potentialAction\":[{\"@type\":\"ReadAction\",\"target\":[\"https:\\\/\\\/www.wpsolution.io\\\/en\\\/securitewp\\\/\"]}]},{\"@type\":\"ImageObject\",\"inLanguage\":\"en-US\",\"@id\":\"https:\\\/\\\/www.wpsolution.io\\\/en\\\/securitewp\\\/#primaryimage\",\"url\":\"https:\\\/\\\/www.wpsolution.io\\\/en\\\/wp-content\\\/uploads\\\/2023\\\/06\\\/Screenshot-2023-06-26-at-10.34.53.png\",\"contentUrl\":\"https:\\\/\\\/www.wpsolution.io\\\/en\\\/wp-content\\\/uploads\\\/2023\\\/06\\\/Screenshot-2023-06-26-at-10.34.53.png\",\"width\":1874,\"height\":1640},{\"@type\":\"BreadcrumbList\",\"@id\":\"https:\\\/\\\/www.wpsolution.io\\\/en\\\/securitewp\\\/#breadcrumb\",\"itemListElement\":[{\"@type\":\"ListItem\",\"position\":1,\"name\":\"Accueil\",\"item\":\"https:\\\/\\\/www.wpsolution.io\\\/en\\\/\"},{\"@type\":\"ListItem\",\"position\":2,\"name\":\"Securit\u00e9WP\"}]},{\"@type\":\"WebSite\",\"@id\":\"https:\\\/\\\/www.wpsolution.io\\\/en\\\/#website\",\"url\":\"https:\\\/\\\/www.wpsolution.io\\\/en\\\/\",\"name\":\"WP SOLUTION\",\"description\":\"Cyber Security Agency\",\"publisher\":{\"@id\":\"https:\\\/\\\/www.wpsolution.io\\\/en\\\/#organization\"},\"potentialAction\":[{\"@type\":\"SearchAction\",\"target\":{\"@type\":\"EntryPoint\",\"urlTemplate\":\"https:\\\/\\\/www.wpsolution.io\\\/en\\\/?s={search_term_string}\"},\"query-input\":{\"@type\":\"PropertyValueSpecification\",\"valueRequired\":true,\"valueName\":\"search_term_string\"}}],\"inLanguage\":\"en-US\"},{\"@type\":\"Organization\",\"@id\":\"https:\\\/\\\/www.wpsolution.io\\\/en\\\/#organization\",\"name\":\"WP SOLUTION CYBER SECURITY FRANCE\",\"url\":\"https:\\\/\\\/www.wpsolution.io\\\/en\\\/\",\"logo\":{\"@type\":\"ImageObject\",\"inLanguage\":\"en-US\",\"@id\":\"https:\\\/\\\/www.wpsolution.io\\\/en\\\/#\\\/schema\\\/logo\\\/image\\\/\",\"url\":\"https:\\\/\\\/www.wpsolution.io\\\/en\\\/wp-content\\\/uploads\\\/2022\\\/08\\\/wp-final-logo-horizontal-01.png\",\"contentUrl\":\"https:\\\/\\\/www.wpsolution.io\\\/en\\\/wp-content\\\/uploads\\\/2022\\\/08\\\/wp-final-logo-horizontal-01.png\",\"width\":258,\"height\":116,\"caption\":\"WP SOLUTION CYBER SECURITY FRANCE\"},\"image\":{\"@id\":\"https:\\\/\\\/www.wpsolution.io\\\/en\\\/#\\\/schema\\\/logo\\\/image\\\/\"}}]}<\/script>\n<!-- \/ Yoast SEO plugin. -->","yoast_head_json":{"title":"Securit\u00e9WP - WP SOLUTION","robots":{"index":"index","follow":"follow","max-snippet":"max-snippet:-1","max-image-preview":"max-image-preview:large","max-video-preview":"max-video-preview:-1"},"canonical":"https:\/\/www.wpsolution.io\/en\/securitewp\/","og_locale":"en_US","og_type":"article","og_title":"Securit\u00e9WP - WP SOLUTION","og_description":"VOIR LE SITE Sp\u00e9cialis\u00e9 dans la protection et la r\u00e9paration de site Securit\u00e9WP (hack redirection, Spam SEO, Index modifi\u00e9&#8230;.). Intervention imm\u00e9diate\u00a0en cas d\u2019attaque de votre site S\u00e9curisation de votre Intervention imm\u00e9diate en cas d\u2019attaque de votre site Mises \u00e0 jour r\u00e9guli\u00e8res de vos plugins &amp; themes &amp; cores Sauvegardes de votre site dans le Cloud\u00a0 [&hellip;]","og_url":"https:\/\/www.wpsolution.io\/en\/securitewp\/","og_site_name":"WP SOLUTION","article_modified_time":"2023-06-26T07:38:16+00:00","og_image":[{"url":"https:\/\/www.wpsolution.io\/en\/wp-content\/uploads\/2023\/06\/Screenshot-2023-06-26-at-10.34.53-1024x896.png","type":"","width":"","height":""}],"twitter_card":"summary_large_image","twitter_misc":{"Est. reading time":"1 minute"},"schema":{"@context":"https:\/\/schema.org","@graph":[{"@type":"WebPage","@id":"https:\/\/www.wpsolution.io\/en\/securitewp\/","url":"https:\/\/www.wpsolution.io\/en\/securitewp\/","name":"Securit\u00e9WP - WP SOLUTION","isPartOf":{"@id":"https:\/\/www.wpsolution.io\/en\/#website"},"primaryImageOfPage":{"@id":"https:\/\/www.wpsolution.io\/en\/securitewp\/#primaryimage"},"image":{"@id":"https:\/\/www.wpsolution.io\/en\/securitewp\/#primaryimage"},"thumbnailUrl":"https:\/\/www.wpsolution.io\/en\/wp-content\/uploads\/2023\/06\/Screenshot-2023-06-26-at-10.34.53-1024x896.png","datePublished":"2022-08-27T09:16:01+00:00","dateModified":"2023-06-26T07:38:16+00:00","breadcrumb":{"@id":"https:\/\/www.wpsolution.io\/en\/securitewp\/#breadcrumb"},"inLanguage":"en-US","potentialAction":[{"@type":"ReadAction","target":["https:\/\/www.wpsolution.io\/en\/securitewp\/"]}]},{"@type":"ImageObject","inLanguage":"en-US","@id":"https:\/\/www.wpsolution.io\/en\/securitewp\/#primaryimage","url":"https:\/\/www.wpsolution.io\/en\/wp-content\/uploads\/2023\/06\/Screenshot-2023-06-26-at-10.34.53.png","contentUrl":"https:\/\/www.wpsolution.io\/en\/wp-content\/uploads\/2023\/06\/Screenshot-2023-06-26-at-10.34.53.png","width":1874,"height":1640},{"@type":"BreadcrumbList","@id":"https:\/\/www.wpsolution.io\/en\/securitewp\/#breadcrumb","itemListElement":[{"@type":"ListItem","position":1,"name":"Accueil","item":"https:\/\/www.wpsolution.io\/en\/"},{"@type":"ListItem","position":2,"name":"Securit\u00e9WP"}]},{"@type":"WebSite","@id":"https:\/\/www.wpsolution.io\/en\/#website","url":"https:\/\/www.wpsolution.io\/en\/","name":"WP SOLUTION","description":"Cyber Security Agency","publisher":{"@id":"https:\/\/www.wpsolution.io\/en\/#organization"},"potentialAction":[{"@type":"SearchAction","target":{"@type":"EntryPoint","urlTemplate":"https:\/\/www.wpsolution.io\/en\/?s={search_term_string}"},"query-input":{"@type":"PropertyValueSpecification","valueRequired":true,"valueName":"search_term_string"}}],"inLanguage":"en-US"},{"@type":"Organization","@id":"https:\/\/www.wpsolution.io\/en\/#organization","name":"WP SOLUTION CYBER SECURITY FRANCE","url":"https:\/\/www.wpsolution.io\/en\/","logo":{"@type":"ImageObject","inLanguage":"en-US","@id":"https:\/\/www.wpsolution.io\/en\/#\/schema\/logo\/image\/","url":"https:\/\/www.wpsolution.io\/en\/wp-content\/uploads\/2022\/08\/wp-final-logo-horizontal-01.png","contentUrl":"https:\/\/www.wpsolution.io\/en\/wp-content\/uploads\/2022\/08\/wp-final-logo-horizontal-01.png","width":258,"height":116,"caption":"WP SOLUTION CYBER SECURITY FRANCE"},"image":{"@id":"https:\/\/www.wpsolution.io\/en\/#\/schema\/logo\/image\/"}}]}},"_links":{"self":[{"href":"https:\/\/www.wpsolution.io\/en\/wp-json\/wp\/v2\/pages\/19","targetHints":{"allow":["GET"]}}],"collection":[{"href":"https:\/\/www.wpsolution.io\/en\/wp-json\/wp\/v2\/pages"}],"about":[{"href":"https:\/\/www.wpsolution.io\/en\/wp-json\/wp\/v2\/types\/page"}],"author":[{"embeddable":true,"href":"https:\/\/www.wpsolution.io\/en\/wp-json\/wp\/v2\/users\/1"}],"replies":[{"embeddable":true,"href":"https:\/\/www.wpsolution.io\/en\/wp-json\/wp\/v2\/comments?post=19"}],"version-history":[{"count":29,"href":"https:\/\/www.wpsolution.io\/en\/wp-json\/wp\/v2\/pages\/19\/revisions"}],"predecessor-version":[{"id":1147,"href":"https:\/\/www.wpsolution.io\/en\/wp-json\/wp\/v2\/pages\/19\/revisions\/1147"}],"wp:attachment":[{"href":"https:\/\/www.wpsolution.io\/en\/wp-json\/wp\/v2\/media?parent=19"}],"curies":[{"name":"wp","href":"https:\/\/api.w.org\/{rel}","templated":true}]}}