{"id":69,"date":"2022-08-27T09:40:43","date_gmt":"2022-08-27T09:40:43","guid":{"rendered":"https:\/\/www.wpsolution.io\/en\/?page_id=69"},"modified":"2023-08-28T11:06:40","modified_gmt":"2023-08-28T11:06:40","slug":"our-holdings","status":"publish","type":"page","link":"https:\/\/www.wpsolution.io\/en\/our-holdings\/","title":{"rendered":"Our Holdings"},"content":{"rendered":"\t\t<div data-elementor-type=\"wp-page\" data-elementor-id=\"69\" class=\"elementor elementor-69\" data-elementor-post-type=\"page\">\n\t\t\t\t\t\t<section class=\"elementor-section elementor-top-section elementor-element elementor-element-b6acad7 elementor-section-boxed elementor-section-height-default elementor-section-height-default\" data-id=\"b6acad7\" data-element_type=\"section\" data-e-type=\"section\" data-settings=\"{&quot;background_background&quot;:&quot;classic&quot;}\">\n\t\t\t\t\t\t<div class=\"elementor-container elementor-column-gap-default\">\n\t\t\t\t\t<div class=\"elementor-column elementor-col-50 elementor-top-column elementor-element elementor-element-1ebfba5\" data-id=\"1ebfba5\" data-element_type=\"column\" data-e-type=\"column\">\n\t\t\t<div class=\"elementor-widget-wrap elementor-element-populated\">\n\t\t\t\t\t\t<div class=\"elementor-element elementor-element-6eb5198 elementor-widget elementor-widget-heading\" data-id=\"6eb5198\" data-element_type=\"widget\" data-e-type=\"widget\" data-widget_type=\"heading.default\">\n\t\t\t\t<div class=\"elementor-widget-container\">\n\t\t\t\t\t<h1 class=\"elementor-heading-title elementor-size-default\">Your Partner in Cybersecurity, Website Maintenance, and Much More!<\/h1>\t\t\t\t<\/div>\n\t\t\t\t<\/div>\n\t\t\t\t<div class=\"elementor-element elementor-element-bf63936 elementor-widget elementor-widget-text-editor\" data-id=\"bf63936\" data-element_type=\"widget\" data-e-type=\"widget\" data-widget_type=\"text-editor.default\">\n\t\t\t\t<div class=\"elementor-widget-container\">\n\t\t\t\t\t\t\t\t\t<p>Founded by Benjamin Bueno and Anthony Aiache, WPSolution is a company specialized in cybersecurity, website maintenance, website redesign, and organic SEO. We are proud to bring together multiple websites and agencies under one entity to provide comprehensive and effective solutions to our clients.<\/p>\t\t\t\t\t\t\t\t<\/div>\n\t\t\t\t<\/div>\n\t\t\t\t\t<\/div>\n\t\t<\/div>\n\t\t\t\t<div class=\"elementor-column elementor-col-50 elementor-top-column elementor-element elementor-element-5ec4b77\" data-id=\"5ec4b77\" data-element_type=\"column\" data-e-type=\"column\">\n\t\t\t<div class=\"elementor-widget-wrap elementor-element-populated\">\n\t\t\t\t\t\t<div class=\"elementor-element elementor-element-3c802dc elementor-widget elementor-widget-image\" data-id=\"3c802dc\" data-element_type=\"widget\" data-e-type=\"widget\" data-widget_type=\"image.default\">\n\t\t\t\t<div class=\"elementor-widget-container\">\n\t\t\t\t\t\t\t\t\t\t\t\t\t\t\t<img fetchpriority=\"high\" decoding=\"async\" width=\"800\" height=\"800\" src=\"https:\/\/www.wpsolution.io\/en\/wp-content\/uploads\/2023\/07\/3d-internet-secuirty-badge-1024x1024.jpg\" class=\"attachment-large size-large wp-image-1257\" alt=\"\" srcset=\"https:\/\/www.wpsolution.io\/en\/wp-content\/uploads\/2023\/07\/3d-internet-secuirty-badge-1024x1024.jpg 1024w, https:\/\/www.wpsolution.io\/en\/wp-content\/uploads\/2023\/07\/3d-internet-secuirty-badge-300x300.jpg 300w, https:\/\/www.wpsolution.io\/en\/wp-content\/uploads\/2023\/07\/3d-internet-secuirty-badge-150x150.jpg 150w, https:\/\/www.wpsolution.io\/en\/wp-content\/uploads\/2023\/07\/3d-internet-secuirty-badge-768x768.jpg 768w, https:\/\/www.wpsolution.io\/en\/wp-content\/uploads\/2023\/07\/3d-internet-secuirty-badge-1536x1536.jpg 1536w, https:\/\/www.wpsolution.io\/en\/wp-content\/uploads\/2023\/07\/3d-internet-secuirty-badge-2048x2048.jpg 2048w\" sizes=\"(max-width: 800px) 100vw, 800px\" \/>\t\t\t\t\t\t\t\t\t\t\t\t\t\t\t<\/div>\n\t\t\t\t<\/div>\n\t\t\t\t\t<\/div>\n\t\t<\/div>\n\t\t\t\t\t<\/div>\n\t\t<\/section>\n\t\t\t\t<section class=\"elementor-section elementor-top-section elementor-element elementor-element-7050c0b elementor-section-boxed elementor-section-height-default elementor-section-height-default\" data-id=\"7050c0b\" data-element_type=\"section\" data-e-type=\"section\">\n\t\t\t\t\t\t<div class=\"elementor-container elementor-column-gap-default\">\n\t\t\t\t\t<div class=\"elementor-column elementor-col-66 elementor-top-column elementor-element elementor-element-b9905f9\" data-id=\"b9905f9\" data-element_type=\"column\" data-e-type=\"column\">\n\t\t\t<div class=\"elementor-widget-wrap elementor-element-populated\">\n\t\t\t\t\t\t<div class=\"elementor-element elementor-element-5bb4ff3 elementor-widget elementor-widget-text-editor\" data-id=\"5bb4ff3\" data-element_type=\"widget\" data-e-type=\"widget\" data-widget_type=\"text-editor.default\">\n\t\t\t\t<div class=\"elementor-widget-container\">\n\t\t\t\t\t\t\t\t\t<p>Our team of passionate experts has extensive experience in the field of cybersecurity and website maintenance. We understand the challenges that online businesses face today, and we are committed to helping them secure their online presence.<\/p>\t\t\t\t\t\t\t\t<\/div>\n\t\t\t\t<\/div>\n\t\t\t\t<div class=\"elementor-element elementor-element-21d8591 elementor-widget elementor-widget-text-editor\" data-id=\"21d8591\" data-element_type=\"widget\" data-e-type=\"widget\" data-widget_type=\"text-editor.default\">\n\t\t\t\t<div class=\"elementor-widget-container\">\n\t\t\t\t\t\t\t\t\t<p>In terms of cybersecurity, we specialize in protecting against malware and attacks on WordPress and PHP websites. Our team of highly qualified experts is constantly on the lookout for the latest digital threats, and we implement tailored security measures for each site to ensure optimal protection.<\/p>\t\t\t\t\t\t\t\t<\/div>\n\t\t\t\t<\/div>\n\t\t\t\t\t<\/div>\n\t\t<\/div>\n\t\t\t\t<div class=\"elementor-column elementor-col-33 elementor-top-column elementor-element elementor-element-1d83740\" data-id=\"1d83740\" data-element_type=\"column\" data-e-type=\"column\">\n\t\t\t<div class=\"elementor-widget-wrap elementor-element-populated\">\n\t\t\t\t\t\t<div class=\"elementor-element elementor-element-8492911 elementor-widget elementor-widget-image\" data-id=\"8492911\" data-element_type=\"widget\" data-e-type=\"widget\" data-widget_type=\"image.default\">\n\t\t\t\t<div class=\"elementor-widget-container\">\n\t\t\t\t\t\t\t\t\t\t\t\t\t\t\t<img decoding=\"async\" width=\"800\" height=\"571\" src=\"https:\/\/www.wpsolution.io\/en\/wp-content\/uploads\/2023\/07\/Data_security_28-1024x731.jpg\" class=\"attachment-large size-large wp-image-1264\" alt=\"\" srcset=\"https:\/\/www.wpsolution.io\/en\/wp-content\/uploads\/2023\/07\/Data_security_28-1024x731.jpg 1024w, https:\/\/www.wpsolution.io\/en\/wp-content\/uploads\/2023\/07\/Data_security_28-300x214.jpg 300w, https:\/\/www.wpsolution.io\/en\/wp-content\/uploads\/2023\/07\/Data_security_28-768x549.jpg 768w, https:\/\/www.wpsolution.io\/en\/wp-content\/uploads\/2023\/07\/Data_security_28-1536x1097.jpg 1536w, https:\/\/www.wpsolution.io\/en\/wp-content\/uploads\/2023\/07\/Data_security_28-2048x1463.jpg 2048w\" sizes=\"(max-width: 800px) 100vw, 800px\" \/>\t\t\t\t\t\t\t\t\t\t\t\t\t\t\t<\/div>\n\t\t\t\t<\/div>\n\t\t\t\t\t<\/div>\n\t\t<\/div>\n\t\t\t\t\t<\/div>\n\t\t<\/section>\n\t\t\t\t<section class=\"elementor-section elementor-top-section elementor-element elementor-element-b180da6 elementor-reverse-tablet elementor-reverse-mobile elementor-section-boxed elementor-section-height-default elementor-section-height-default\" data-id=\"b180da6\" data-element_type=\"section\" data-e-type=\"section\">\n\t\t\t\t\t\t<div class=\"elementor-container elementor-column-gap-default\">\n\t\t\t\t\t<div class=\"elementor-column elementor-col-33 elementor-top-column elementor-element elementor-element-6cd900b\" data-id=\"6cd900b\" data-element_type=\"column\" data-e-type=\"column\" data-settings=\"{&quot;motion_fx_motion_fx_scrolling&quot;:&quot;yes&quot;,&quot;motion_fx_devices&quot;:[&quot;desktop&quot;,&quot;tablet&quot;,&quot;mobile&quot;]}\">\n\t\t\t<div class=\"elementor-widget-wrap elementor-element-populated\">\n\t\t\t\t\t\t<div class=\"elementor-element elementor-element-5b3e4c7 elementor-widget elementor-widget-image\" data-id=\"5b3e4c7\" data-element_type=\"widget\" data-e-type=\"widget\" data-widget_type=\"image.default\">\n\t\t\t\t<div class=\"elementor-widget-container\">\n\t\t\t\t\t\t\t\t\t\t\t\t\t\t\t<img decoding=\"async\" width=\"800\" height=\"534\" src=\"https:\/\/www.wpsolution.io\/en\/wp-content\/uploads\/2023\/07\/19199015-1024x683.jpg\" class=\"attachment-large size-large wp-image-1266\" alt=\"\" srcset=\"https:\/\/www.wpsolution.io\/en\/wp-content\/uploads\/2023\/07\/19199015-1024x683.jpg 1024w, https:\/\/www.wpsolution.io\/en\/wp-content\/uploads\/2023\/07\/19199015-300x200.jpg 300w, https:\/\/www.wpsolution.io\/en\/wp-content\/uploads\/2023\/07\/19199015-768x512.jpg 768w, https:\/\/www.wpsolution.io\/en\/wp-content\/uploads\/2023\/07\/19199015-1536x1024.jpg 1536w, https:\/\/www.wpsolution.io\/en\/wp-content\/uploads\/2023\/07\/19199015-2048x1366.jpg 2048w\" sizes=\"(max-width: 800px) 100vw, 800px\" \/>\t\t\t\t\t\t\t\t\t\t\t\t\t\t\t<\/div>\n\t\t\t\t<\/div>\n\t\t\t\t\t<\/div>\n\t\t<\/div>\n\t\t\t\t<div class=\"elementor-column elementor-col-66 elementor-top-column elementor-element elementor-element-3e1717c\" data-id=\"3e1717c\" data-element_type=\"column\" data-e-type=\"column\">\n\t\t\t<div class=\"elementor-widget-wrap elementor-element-populated\">\n\t\t\t\t\t\t<div class=\"elementor-element elementor-element-0a97f90 elementor-widget elementor-widget-text-editor\" data-id=\"0a97f90\" data-element_type=\"widget\" data-e-type=\"widget\" data-widget_type=\"text-editor.default\">\n\t\t\t\t<div class=\"elementor-widget-container\">\n\t\t\t\t\t\t\t\t\t<p>Outre notre expertise en cybers\u00e9curit\u00e9, nous proposons \u00e9galement des services de maintenance de site complets. Nous comprenons l&#8217;importance d&#8217;un site Web qui fonctionne de mani\u00e8re optimale, sans interruption ni bogues. Notre \u00e9quipe technique se charge de la maintenance r\u00e9guli\u00e8re, des mises \u00e0 jour, de la r\u00e9solution des probl\u00e8mes techniques et de l&#8217;optimisation de la performance pour assurer un fonctionnement fluide de votre site.<\/p><p>En plus de nos services sp\u00e9cialis\u00e9s, nous offrons des prestations plus classiques telles que la refonte de site et le r\u00e9f\u00e9rencement naturel. Que vous ayez besoin de moderniser votre site existant, d&#8217;am\u00e9liorer votre visibilit\u00e9 dans les moteurs de recherche ou d&#8217;attirer davantage de trafic organique, nous sommes l\u00e0 pour vous aider.<\/p>\t\t\t\t\t\t\t\t<\/div>\n\t\t\t\t<\/div>\n\t\t\t\t\t<\/div>\n\t\t<\/div>\n\t\t\t\t\t<\/div>\n\t\t<\/section>\n\t\t\t\t<section class=\"elementor-section elementor-top-section elementor-element elementor-element-01bb446 elementor-section-boxed elementor-section-height-default elementor-section-height-default\" data-id=\"01bb446\" data-element_type=\"section\" data-e-type=\"section\" data-settings=\"{&quot;background_background&quot;:&quot;classic&quot;}\">\n\t\t\t\t\t\t<div class=\"elementor-container elementor-column-gap-default\">\n\t\t\t\t\t<div class=\"elementor-column elementor-col-66 elementor-top-column elementor-element elementor-element-ddeadd1\" data-id=\"ddeadd1\" data-element_type=\"column\" data-e-type=\"column\">\n\t\t\t<div class=\"elementor-widget-wrap elementor-element-populated\">\n\t\t\t\t\t\t<div class=\"elementor-element elementor-element-d8dcf20 elementor-widget elementor-widget-text-editor\" data-id=\"d8dcf20\" data-element_type=\"widget\" data-e-type=\"widget\" data-widget_type=\"text-editor.default\">\n\t\t\t\t<div class=\"elementor-widget-container\">\n\t\t\t\t\t\t\t\t\t<p>In addition to our expertise in cybersecurity, we also offer comprehensive website maintenance services. We understand the importance of a smoothly functioning website, free from interruptions and bugs. Our technical team handles regular maintenance, updates, technical issue resolution, and performance optimization to ensure your website runs seamlessly.<\/p>\t\t\t\t\t\t\t\t<\/div>\n\t\t\t\t<\/div>\n\t\t\t\t<div class=\"elementor-element elementor-element-0116d1e elementor-widget elementor-widget-text-editor\" data-id=\"0116d1e\" data-element_type=\"widget\" data-e-type=\"widget\" data-widget_type=\"text-editor.default\">\n\t\t\t\t<div class=\"elementor-widget-container\">\n\t\t\t\t\t\t\t\t\t<p>Beyond our specialized services, we offer more traditional services such as website redesign and organic SEO. Whether you need to modernize your existing website, improve your search engine visibility, or attract more organic traffic, we&#8217;re here to help.<\/p>\t\t\t\t\t\t\t\t<\/div>\n\t\t\t\t<\/div>\n\t\t\t\t\t<\/div>\n\t\t<\/div>\n\t\t\t\t<div class=\"elementor-column elementor-col-33 elementor-top-column elementor-element elementor-element-f75e0fe\" data-id=\"f75e0fe\" data-element_type=\"column\" data-e-type=\"column\">\n\t\t\t<div class=\"elementor-widget-wrap elementor-element-populated\">\n\t\t\t\t\t\t<div class=\"elementor-element elementor-element-6819488 elementor-widget elementor-widget-image\" data-id=\"6819488\" data-element_type=\"widget\" data-e-type=\"widget\" data-widget_type=\"image.default\">\n\t\t\t\t<div class=\"elementor-widget-container\">\n\t\t\t\t\t\t\t\t\t\t\t\t\t\t\t<img loading=\"lazy\" decoding=\"async\" width=\"800\" height=\"580\" src=\"https:\/\/www.wpsolution.io\/en\/wp-content\/uploads\/2023\/07\/19268-1024x742.jpg\" class=\"attachment-large size-large wp-image-1267\" alt=\"\" srcset=\"https:\/\/www.wpsolution.io\/en\/wp-content\/uploads\/2023\/07\/19268-1024x742.jpg 1024w, https:\/\/www.wpsolution.io\/en\/wp-content\/uploads\/2023\/07\/19268-300x217.jpg 300w, https:\/\/www.wpsolution.io\/en\/wp-content\/uploads\/2023\/07\/19268-768x557.jpg 768w, https:\/\/www.wpsolution.io\/en\/wp-content\/uploads\/2023\/07\/19268-1536x1113.jpg 1536w, https:\/\/www.wpsolution.io\/en\/wp-content\/uploads\/2023\/07\/19268-2048x1484.jpg 2048w\" sizes=\"(max-width: 800px) 100vw, 800px\" \/>\t\t\t\t\t\t\t\t\t\t\t\t\t\t\t<\/div>\n\t\t\t\t<\/div>\n\t\t\t\t\t<\/div>\n\t\t<\/div>\n\t\t\t\t\t<\/div>\n\t\t<\/section>\n\t\t\t\t<\/div>\n\t\t","protected":false},"excerpt":{"rendered":"<p>Your Partner in Cybersecurity, Website Maintenance, and Much More! Founded by Benjamin Bueno and Anthony Aiache, WPSolution is a company specialized in cybersecurity, website maintenance, website redesign, and organic SEO. We are proud to bring together multiple websites and agencies under one entity to provide comprehensive and effective solutions to our clients. Our team of [&hellip;]<\/p>\n","protected":false},"author":1,"featured_media":0,"parent":0,"menu_order":0,"comment_status":"closed","ping_status":"closed","template":"","meta":{"content-type":"","footnotes":""},"class_list":["post-69","page","type-page","status-publish","hentry"],"yoast_head":"<!-- This site is optimized with the Yoast SEO plugin v27.4 - https:\/\/yoast.com\/product\/yoast-seo-wordpress\/ -->\n<title>Our Holdings - WP SOLUTION<\/title>\n<meta name=\"description\" content=\"Notre \u00e9quipe d&#039;experts passionn\u00e9s poss\u00e8de une solide exp\u00e9rience dans le domaine de la cybers\u00e9curit\u00e9 et du r\u00e9f\u00e9rencement de sites WordPress.\" \/>\n<meta name=\"robots\" content=\"index, follow, max-snippet:-1, max-image-preview:large, max-video-preview:-1\" \/>\n<link rel=\"canonical\" href=\"https:\/\/www.wpsolution.io\/en\/our-holdings\/\" \/>\n<meta property=\"og:locale\" content=\"en_US\" \/>\n<meta property=\"og:type\" content=\"article\" \/>\n<meta property=\"og:title\" content=\"Our Holdings - WP SOLUTION\" \/>\n<meta property=\"og:description\" content=\"Notre \u00e9quipe d&#039;experts passionn\u00e9s poss\u00e8de une solide exp\u00e9rience dans le domaine de la cybers\u00e9curit\u00e9 et du r\u00e9f\u00e9rencement de sites WordPress.\" \/>\n<meta property=\"og:url\" content=\"https:\/\/www.wpsolution.io\/en\/our-holdings\/\" \/>\n<meta property=\"og:site_name\" content=\"WP SOLUTION\" \/>\n<meta property=\"article:modified_time\" content=\"2023-08-28T11:06:40+00:00\" \/>\n<meta property=\"og:image\" content=\"https:\/\/www.wpsolution.io\/en\/wp-content\/uploads\/2023\/07\/3d-internet-secuirty-badge-1024x1024.jpg\" \/>\n<meta name=\"twitter:card\" content=\"summary_large_image\" \/>\n<meta name=\"twitter:label1\" content=\"Est. reading time\" \/>\n\t<meta name=\"twitter:data1\" content=\"3 minutes\" \/>\n<script type=\"application\/ld+json\" class=\"yoast-schema-graph\">{\"@context\":\"https:\\\/\\\/schema.org\",\"@graph\":[{\"@type\":\"WebPage\",\"@id\":\"https:\\\/\\\/www.wpsolution.io\\\/en\\\/our-holdings\\\/\",\"url\":\"https:\\\/\\\/www.wpsolution.io\\\/en\\\/our-holdings\\\/\",\"name\":\"Our Holdings - WP SOLUTION\",\"isPartOf\":{\"@id\":\"https:\\\/\\\/www.wpsolution.io\\\/en\\\/#website\"},\"primaryImageOfPage\":{\"@id\":\"https:\\\/\\\/www.wpsolution.io\\\/en\\\/our-holdings\\\/#primaryimage\"},\"image\":{\"@id\":\"https:\\\/\\\/www.wpsolution.io\\\/en\\\/our-holdings\\\/#primaryimage\"},\"thumbnailUrl\":\"https:\\\/\\\/www.wpsolution.io\\\/en\\\/wp-content\\\/uploads\\\/2023\\\/07\\\/3d-internet-secuirty-badge-1024x1024.jpg\",\"datePublished\":\"2022-08-27T09:40:43+00:00\",\"dateModified\":\"2023-08-28T11:06:40+00:00\",\"description\":\"Notre \u00e9quipe d'experts passionn\u00e9s poss\u00e8de une solide exp\u00e9rience dans le domaine de la cybers\u00e9curit\u00e9 et du r\u00e9f\u00e9rencement de sites WordPress.\",\"breadcrumb\":{\"@id\":\"https:\\\/\\\/www.wpsolution.io\\\/en\\\/our-holdings\\\/#breadcrumb\"},\"inLanguage\":\"en-US\",\"potentialAction\":[{\"@type\":\"ReadAction\",\"target\":[\"https:\\\/\\\/www.wpsolution.io\\\/en\\\/our-holdings\\\/\"]}]},{\"@type\":\"ImageObject\",\"inLanguage\":\"en-US\",\"@id\":\"https:\\\/\\\/www.wpsolution.io\\\/en\\\/our-holdings\\\/#primaryimage\",\"url\":\"https:\\\/\\\/www.wpsolution.io\\\/en\\\/wp-content\\\/uploads\\\/2023\\\/07\\\/3d-internet-secuirty-badge-scaled.jpg\",\"contentUrl\":\"https:\\\/\\\/www.wpsolution.io\\\/en\\\/wp-content\\\/uploads\\\/2023\\\/07\\\/3d-internet-secuirty-badge-scaled.jpg\",\"width\":2560,\"height\":2560,\"caption\":\"3d render of an internet security badge\"},{\"@type\":\"BreadcrumbList\",\"@id\":\"https:\\\/\\\/www.wpsolution.io\\\/en\\\/our-holdings\\\/#breadcrumb\",\"itemListElement\":[{\"@type\":\"ListItem\",\"position\":1,\"name\":\"Accueil\",\"item\":\"https:\\\/\\\/www.wpsolution.io\\\/en\\\/\"},{\"@type\":\"ListItem\",\"position\":2,\"name\":\"Our Holdings\"}]},{\"@type\":\"WebSite\",\"@id\":\"https:\\\/\\\/www.wpsolution.io\\\/en\\\/#website\",\"url\":\"https:\\\/\\\/www.wpsolution.io\\\/en\\\/\",\"name\":\"WP SOLUTION\",\"description\":\"Cyber Security Agency\",\"publisher\":{\"@id\":\"https:\\\/\\\/www.wpsolution.io\\\/en\\\/#organization\"},\"potentialAction\":[{\"@type\":\"SearchAction\",\"target\":{\"@type\":\"EntryPoint\",\"urlTemplate\":\"https:\\\/\\\/www.wpsolution.io\\\/en\\\/?s={search_term_string}\"},\"query-input\":{\"@type\":\"PropertyValueSpecification\",\"valueRequired\":true,\"valueName\":\"search_term_string\"}}],\"inLanguage\":\"en-US\"},{\"@type\":\"Organization\",\"@id\":\"https:\\\/\\\/www.wpsolution.io\\\/en\\\/#organization\",\"name\":\"WP SOLUTION CYBER SECURITY FRANCE\",\"url\":\"https:\\\/\\\/www.wpsolution.io\\\/en\\\/\",\"logo\":{\"@type\":\"ImageObject\",\"inLanguage\":\"en-US\",\"@id\":\"https:\\\/\\\/www.wpsolution.io\\\/en\\\/#\\\/schema\\\/logo\\\/image\\\/\",\"url\":\"https:\\\/\\\/www.wpsolution.io\\\/en\\\/wp-content\\\/uploads\\\/2022\\\/08\\\/wp-final-logo-horizontal-01.png\",\"contentUrl\":\"https:\\\/\\\/www.wpsolution.io\\\/en\\\/wp-content\\\/uploads\\\/2022\\\/08\\\/wp-final-logo-horizontal-01.png\",\"width\":258,\"height\":116,\"caption\":\"WP SOLUTION CYBER SECURITY FRANCE\"},\"image\":{\"@id\":\"https:\\\/\\\/www.wpsolution.io\\\/en\\\/#\\\/schema\\\/logo\\\/image\\\/\"}}]}<\/script>\n<!-- \/ Yoast SEO plugin. -->","yoast_head_json":{"title":"Our Holdings - WP SOLUTION","description":"Notre \u00e9quipe d'experts passionn\u00e9s poss\u00e8de une solide exp\u00e9rience dans le domaine de la cybers\u00e9curit\u00e9 et du r\u00e9f\u00e9rencement de sites WordPress.","robots":{"index":"index","follow":"follow","max-snippet":"max-snippet:-1","max-image-preview":"max-image-preview:large","max-video-preview":"max-video-preview:-1"},"canonical":"https:\/\/www.wpsolution.io\/en\/our-holdings\/","og_locale":"en_US","og_type":"article","og_title":"Our Holdings - WP SOLUTION","og_description":"Notre \u00e9quipe d'experts passionn\u00e9s poss\u00e8de une solide exp\u00e9rience dans le domaine de la cybers\u00e9curit\u00e9 et du r\u00e9f\u00e9rencement de sites WordPress.","og_url":"https:\/\/www.wpsolution.io\/en\/our-holdings\/","og_site_name":"WP SOLUTION","article_modified_time":"2023-08-28T11:06:40+00:00","og_image":[{"url":"https:\/\/www.wpsolution.io\/en\/wp-content\/uploads\/2023\/07\/3d-internet-secuirty-badge-1024x1024.jpg","type":"","width":"","height":""}],"twitter_card":"summary_large_image","twitter_misc":{"Est. reading time":"3 minutes"},"schema":{"@context":"https:\/\/schema.org","@graph":[{"@type":"WebPage","@id":"https:\/\/www.wpsolution.io\/en\/our-holdings\/","url":"https:\/\/www.wpsolution.io\/en\/our-holdings\/","name":"Our Holdings - WP SOLUTION","isPartOf":{"@id":"https:\/\/www.wpsolution.io\/en\/#website"},"primaryImageOfPage":{"@id":"https:\/\/www.wpsolution.io\/en\/our-holdings\/#primaryimage"},"image":{"@id":"https:\/\/www.wpsolution.io\/en\/our-holdings\/#primaryimage"},"thumbnailUrl":"https:\/\/www.wpsolution.io\/en\/wp-content\/uploads\/2023\/07\/3d-internet-secuirty-badge-1024x1024.jpg","datePublished":"2022-08-27T09:40:43+00:00","dateModified":"2023-08-28T11:06:40+00:00","description":"Notre \u00e9quipe d'experts passionn\u00e9s poss\u00e8de une solide exp\u00e9rience dans le domaine de la cybers\u00e9curit\u00e9 et du r\u00e9f\u00e9rencement de sites WordPress.","breadcrumb":{"@id":"https:\/\/www.wpsolution.io\/en\/our-holdings\/#breadcrumb"},"inLanguage":"en-US","potentialAction":[{"@type":"ReadAction","target":["https:\/\/www.wpsolution.io\/en\/our-holdings\/"]}]},{"@type":"ImageObject","inLanguage":"en-US","@id":"https:\/\/www.wpsolution.io\/en\/our-holdings\/#primaryimage","url":"https:\/\/www.wpsolution.io\/en\/wp-content\/uploads\/2023\/07\/3d-internet-secuirty-badge-scaled.jpg","contentUrl":"https:\/\/www.wpsolution.io\/en\/wp-content\/uploads\/2023\/07\/3d-internet-secuirty-badge-scaled.jpg","width":2560,"height":2560,"caption":"3d render of an internet security badge"},{"@type":"BreadcrumbList","@id":"https:\/\/www.wpsolution.io\/en\/our-holdings\/#breadcrumb","itemListElement":[{"@type":"ListItem","position":1,"name":"Accueil","item":"https:\/\/www.wpsolution.io\/en\/"},{"@type":"ListItem","position":2,"name":"Our Holdings"}]},{"@type":"WebSite","@id":"https:\/\/www.wpsolution.io\/en\/#website","url":"https:\/\/www.wpsolution.io\/en\/","name":"WP SOLUTION","description":"Cyber Security Agency","publisher":{"@id":"https:\/\/www.wpsolution.io\/en\/#organization"},"potentialAction":[{"@type":"SearchAction","target":{"@type":"EntryPoint","urlTemplate":"https:\/\/www.wpsolution.io\/en\/?s={search_term_string}"},"query-input":{"@type":"PropertyValueSpecification","valueRequired":true,"valueName":"search_term_string"}}],"inLanguage":"en-US"},{"@type":"Organization","@id":"https:\/\/www.wpsolution.io\/en\/#organization","name":"WP SOLUTION CYBER SECURITY FRANCE","url":"https:\/\/www.wpsolution.io\/en\/","logo":{"@type":"ImageObject","inLanguage":"en-US","@id":"https:\/\/www.wpsolution.io\/en\/#\/schema\/logo\/image\/","url":"https:\/\/www.wpsolution.io\/en\/wp-content\/uploads\/2022\/08\/wp-final-logo-horizontal-01.png","contentUrl":"https:\/\/www.wpsolution.io\/en\/wp-content\/uploads\/2022\/08\/wp-final-logo-horizontal-01.png","width":258,"height":116,"caption":"WP SOLUTION CYBER SECURITY FRANCE"},"image":{"@id":"https:\/\/www.wpsolution.io\/en\/#\/schema\/logo\/image\/"}}]}},"_links":{"self":[{"href":"https:\/\/www.wpsolution.io\/en\/wp-json\/wp\/v2\/pages\/69","targetHints":{"allow":["GET"]}}],"collection":[{"href":"https:\/\/www.wpsolution.io\/en\/wp-json\/wp\/v2\/pages"}],"about":[{"href":"https:\/\/www.wpsolution.io\/en\/wp-json\/wp\/v2\/types\/page"}],"author":[{"embeddable":true,"href":"https:\/\/www.wpsolution.io\/en\/wp-json\/wp\/v2\/users\/1"}],"replies":[{"embeddable":true,"href":"https:\/\/www.wpsolution.io\/en\/wp-json\/wp\/v2\/comments?post=69"}],"version-history":[{"count":36,"href":"https:\/\/www.wpsolution.io\/en\/wp-json\/wp\/v2\/pages\/69\/revisions"}],"predecessor-version":[{"id":1391,"href":"https:\/\/www.wpsolution.io\/en\/wp-json\/wp\/v2\/pages\/69\/revisions\/1391"}],"wp:attachment":[{"href":"https:\/\/www.wpsolution.io\/en\/wp-json\/wp\/v2\/media?parent=69"}],"curies":[{"name":"wp","href":"https:\/\/api.w.org\/{rel}","templated":true}]}}